{"id":123,"date":"2023-04-06T01:44:04","date_gmt":"2023-04-05T23:44:04","guid":{"rendered":"https:\/\/www.monparfumideal.fr\/?post_type=product&#038;p=123"},"modified":"2023-08-04T01:40:07","modified_gmt":"2023-08-03T23:40:07","slug":"parfum-diamant-rouge","status":"publish","type":"product","link":"https:\/\/www.monparfumideal.fr\/?product=parfum-diamant-rouge","title":{"rendered":"Parfum &#8220;Diamant rouge&#8221;"},"content":{"rendered":"<p class=\"_04xlpA direction-ltr align-justify para-style-body\"><span class=\"S1PPyQ\">Note de t\u00eate: Safran, Jasmin<\/span><\/p>\n<p class=\"_04xlpA direction-ltr align-start para-style-body\"><span class=\"S1PPyQ\">Note de c\u0153ur: Amberwood, Ambre gris<\/span><\/p>\n<p class=\"_04xlpA direction-ltr align-justify para-style-body\"><span class=\"S1PPyQ\">Note de fond: R\u00e9sine de sapin, C\u00e8dre, Sucre<\/span><\/p>\n","protected":false},"excerpt":{"rendered":"<p>Note de t\u00eate: Safran, Jasmin Note de c\u0153ur: Amberwood, Ambre gris Note de fond: R\u00e9sine de sapin, C\u00e8dre, Sucre<\/p>\n","protected":false},"featured_media":0,"comment_status":"open","ping_status":"closed","template":"","meta":[],"product_cat":[33,31,25,20,18,21],"product_tag":[],"_links":{"self":[{"href":"https:\/\/www.monparfumideal.fr\/index.php?rest_route=\/wp\/v2\/product\/123"}],"collection":[{"href":"https:\/\/www.monparfumideal.fr\/index.php?rest_route=\/wp\/v2\/product"}],"about":[{"href":"https:\/\/www.monparfumideal.fr\/index.php?rest_route=\/wp\/v2\/types\/product"}],"replies":[{"embeddable":true,"href":"https:\/\/www.monparfumideal.fr\/index.php?rest_route=%2Fwp%2Fv2%2Fcomments&post=123"}],"wp:attachment":[{"href":"https:\/\/www.monparfumideal.fr\/index.php?rest_route=%2Fwp%2Fv2%2Fmedia&parent=123"}],"wp:term":[{"taxonomy":"product_cat","embeddable":true,"href":"https:\/\/www.monparfumideal.fr\/index.php?rest_route=%2Fwp%2Fv2%2Fproduct_cat&post=123"},{"taxonomy":"product_tag","embeddable":true,"href":"https:\/\/www.monparfumideal.fr\/index.php?rest_route=%2Fwp%2Fv2%2Fproduct_tag&post=123"}],"curies":[{"name":"wp","href":"https:\/\/api.w.org\/{rel}","templated":true}]}}