{"id":124,"date":"2023-04-06T01:51:04","date_gmt":"2023-04-05T23:51:04","guid":{"rendered":"https:\/\/www.monparfumideal.fr\/?post_type=product&#038;p=124"},"modified":"2023-08-04T01:39:13","modified_gmt":"2023-08-03T23:39:13","slug":"parfum-feve","status":"publish","type":"product","link":"https:\/\/www.monparfumideal.fr\/?product=parfum-feve","title":{"rendered":"parfum &#8220;F\u00e8ve&#8221;"},"content":{"rendered":"<p class=\"_04xlpA direction-ltr align-justify para-style-body\"><span class=\"S1PPyQ\">Note de t\u00eate: Lavande, Menthe, Bergamote<\/span><\/p>\n<p class=\"_04xlpA direction-ltr align-start para-style-body\"><span class=\"S1PPyQ\">Note de c\u0153ur: Griotte, Jasmin, Freesia<\/span><\/p>\n<p class=\"_04xlpA direction-ltr align-justify para-style-body\"><span class=\"S1PPyQ\">Note de fond: F\u00e8ve de tonka, Vanille, Cacao, Caramel, Benjoin, Lait, Bois de santal, Cuir, C\u00e8dre<\/span><\/p>\n","protected":false},"excerpt":{"rendered":"<p>Note de t\u00eate: Lavande, Menthe, Bergamote Note de c\u0153ur: Griotte, Jasmin, Freesia Note de fond: F\u00e8ve de tonka, Vanille, Cacao, Caramel, Benjoin, Lait, Bois de &hellip; <\/p>\n","protected":false},"featured_media":190,"comment_status":"open","ping_status":"closed","template":"","meta":[],"product_cat":[31,25,20,18,21],"product_tag":[],"_links":{"self":[{"href":"https:\/\/www.monparfumideal.fr\/index.php?rest_route=\/wp\/v2\/product\/124"}],"collection":[{"href":"https:\/\/www.monparfumideal.fr\/index.php?rest_route=\/wp\/v2\/product"}],"about":[{"href":"https:\/\/www.monparfumideal.fr\/index.php?rest_route=\/wp\/v2\/types\/product"}],"replies":[{"embeddable":true,"href":"https:\/\/www.monparfumideal.fr\/index.php?rest_route=%2Fwp%2Fv2%2Fcomments&post=124"}],"wp:featuredmedia":[{"embeddable":true,"href":"https:\/\/www.monparfumideal.fr\/index.php?rest_route=\/wp\/v2\/media\/190"}],"wp:attachment":[{"href":"https:\/\/www.monparfumideal.fr\/index.php?rest_route=%2Fwp%2Fv2%2Fmedia&parent=124"}],"wp:term":[{"taxonomy":"product_cat","embeddable":true,"href":"https:\/\/www.monparfumideal.fr\/index.php?rest_route=%2Fwp%2Fv2%2Fproduct_cat&post=124"},{"taxonomy":"product_tag","embeddable":true,"href":"https:\/\/www.monparfumideal.fr\/index.php?rest_route=%2Fwp%2Fv2%2Fproduct_tag&post=124"}],"curies":[{"name":"wp","href":"https:\/\/api.w.org\/{rel}","templated":true}]}}