{"id":126,"date":"2023-04-06T02:04:25","date_gmt":"2023-04-06T00:04:25","guid":{"rendered":"https:\/\/www.monparfumideal.fr\/?post_type=product&#038;p=126"},"modified":"2023-08-04T01:37:57","modified_gmt":"2023-08-03T23:37:57","slug":"parfum-vanille-coco","status":"publish","type":"product","link":"https:\/\/www.monparfumideal.fr\/?product=parfum-vanille-coco","title":{"rendered":"Parfum &#8220;Vanille coco&#8221;"},"content":{"rendered":"<p class=\"_04xlpA direction-ltr align-justify para-style-body\"><span class=\"S1PPyQ\">Note de t\u00eate: Noix de coco, P\u00eache blanche<\/span><\/p>\n<p class=\"_04xlpA direction-ltr align-start para-style-body\"><span class=\"S1PPyQ\">Note de c\u0153ur: Fleur de tiar\u00e9, Ylang-ylang, Jasmin<\/span><\/p>\n<p class=\"_04xlpA direction-ltr align-justify para-style-body\"><span class=\"S1PPyQ\">Note de fond: Vanille de Madagascar, Musc blanc, Notes bois\u00e9es<\/span><\/p>\n","protected":false},"excerpt":{"rendered":"<p>Note de t\u00eate: Noix de coco, P\u00eache blanche Note de c\u0153ur: Fleur de tiar\u00e9, Ylang-ylang, Jasmin Note de fond: Vanille de Madagascar, Musc blanc, Notes &hellip; <\/p>\n","protected":false},"featured_media":209,"comment_status":"open","ping_status":"closed","template":"","meta":[],"product_cat":[31,25,20,18,21],"product_tag":[],"_links":{"self":[{"href":"https:\/\/www.monparfumideal.fr\/index.php?rest_route=\/wp\/v2\/product\/126"}],"collection":[{"href":"https:\/\/www.monparfumideal.fr\/index.php?rest_route=\/wp\/v2\/product"}],"about":[{"href":"https:\/\/www.monparfumideal.fr\/index.php?rest_route=\/wp\/v2\/types\/product"}],"replies":[{"embeddable":true,"href":"https:\/\/www.monparfumideal.fr\/index.php?rest_route=%2Fwp%2Fv2%2Fcomments&post=126"}],"wp:featuredmedia":[{"embeddable":true,"href":"https:\/\/www.monparfumideal.fr\/index.php?rest_route=\/wp\/v2\/media\/209"}],"wp:attachment":[{"href":"https:\/\/www.monparfumideal.fr\/index.php?rest_route=%2Fwp%2Fv2%2Fmedia&parent=126"}],"wp:term":[{"taxonomy":"product_cat","embeddable":true,"href":"https:\/\/www.monparfumideal.fr\/index.php?rest_route=%2Fwp%2Fv2%2Fproduct_cat&post=126"},{"taxonomy":"product_tag","embeddable":true,"href":"https:\/\/www.monparfumideal.fr\/index.php?rest_route=%2Fwp%2Fv2%2Fproduct_tag&post=126"}],"curies":[{"name":"wp","href":"https:\/\/api.w.org\/{rel}","templated":true}]}}