{"id":128,"date":"2023-04-06T02:10:10","date_gmt":"2023-04-06T00:10:10","guid":{"rendered":"https:\/\/www.monparfumideal.fr\/?post_type=product&#038;p=128"},"modified":"2023-08-04T01:36:48","modified_gmt":"2023-08-03T23:36:48","slug":"parfum-blue-elixir","status":"publish","type":"product","link":"https:\/\/www.monparfumideal.fr\/?product=parfum-blue-elixir","title":{"rendered":"Parfum &#8220;Blue elixir&#8221;"},"content":{"rendered":"<p class=\"_04xlpA direction-ltr para-style-body align-justify\"><span class=\"S1PPyQ\">Note de t\u00eate: Essence de bergamote, Mandarine, Citron, P\u00eache, Fraise, Caramel, Framboise<\/span><\/p>\n<p class=\"_04xlpA direction-ltr align-start para-style-body\"><span class=\"S1PPyQ\">Note de c\u0153ur: Patchouli, Fleur d\u2019oranger, noix de muscade<\/span><\/p>\n<p class=\"_04xlpA direction-ltr align-justify para-style-body\"><span class=\"S1PPyQ\">Note de fond: Vanille, Bois blanc<\/span><\/p>\n","protected":false},"excerpt":{"rendered":"<p>Note de t\u00eate: Essence de bergamote, Mandarine, Citron, P\u00eache, Fraise, Caramel, Framboise Note de c\u0153ur: Patchouli, Fleur d\u2019oranger, noix de muscade Note de fond: Vanille, &hellip; <\/p>\n","protected":false},"featured_media":205,"comment_status":"open","ping_status":"closed","template":"","meta":[],"product_cat":[31,25,20,18,21],"product_tag":[],"_links":{"self":[{"href":"https:\/\/www.monparfumideal.fr\/index.php?rest_route=\/wp\/v2\/product\/128"}],"collection":[{"href":"https:\/\/www.monparfumideal.fr\/index.php?rest_route=\/wp\/v2\/product"}],"about":[{"href":"https:\/\/www.monparfumideal.fr\/index.php?rest_route=\/wp\/v2\/types\/product"}],"replies":[{"embeddable":true,"href":"https:\/\/www.monparfumideal.fr\/index.php?rest_route=%2Fwp%2Fv2%2Fcomments&post=128"}],"wp:featuredmedia":[{"embeddable":true,"href":"https:\/\/www.monparfumideal.fr\/index.php?rest_route=\/wp\/v2\/media\/205"}],"wp:attachment":[{"href":"https:\/\/www.monparfumideal.fr\/index.php?rest_route=%2Fwp%2Fv2%2Fmedia&parent=128"}],"wp:term":[{"taxonomy":"product_cat","embeddable":true,"href":"https:\/\/www.monparfumideal.fr\/index.php?rest_route=%2Fwp%2Fv2%2Fproduct_cat&post=128"},{"taxonomy":"product_tag","embeddable":true,"href":"https:\/\/www.monparfumideal.fr\/index.php?rest_route=%2Fwp%2Fv2%2Fproduct_tag&post=128"}],"curies":[{"name":"wp","href":"https:\/\/api.w.org\/{rel}","templated":true}]}}