{"id":130,"date":"2023-04-06T02:20:30","date_gmt":"2023-04-06T00:20:30","guid":{"rendered":"https:\/\/www.monparfumideal.fr\/?post_type=product&#038;p=130"},"modified":"2023-08-04T01:35:05","modified_gmt":"2023-08-03T23:35:05","slug":"parfum-mula","status":"publish","type":"product","link":"https:\/\/www.monparfumideal.fr\/?product=parfum-mula","title":{"rendered":"Parfum &#8220;Mula&#8221;"},"content":{"rendered":"<p class=\"_04xlpA direction-ltr align-justify para-style-body\"><span class=\"S1PPyQ\">Note de t\u00eate: Caramel, P\u00eache, Fraise, Framboise<\/span><\/p>\n<p class=\"_04xlpA direction-ltr align-start para-style-body\"><span class=\"S1PPyQ\">Note de c\u0153ur: Gingembre, Poivre<\/span> <span class=\"S1PPyQ\">rose, Ciste<\/span><\/p>\n<p class=\"_04xlpA direction-ltr align-justify para-style-body\"><span class=\"S1PPyQ\">Note de fond: Vanille, Musc, Oud, Patchouli<\/span><\/p>\n","protected":false},"excerpt":{"rendered":"<p>Note de t\u00eate: Caramel, P\u00eache, Fraise, Framboise Note de c\u0153ur: Gingembre, Poivre rose, Ciste Note de fond: Vanille, Musc, Oud, Patchouli<\/p>\n","protected":false},"featured_media":203,"comment_status":"open","ping_status":"closed","template":"","meta":[],"product_cat":[31,25,20,18,21],"product_tag":[],"_links":{"self":[{"href":"https:\/\/www.monparfumideal.fr\/index.php?rest_route=\/wp\/v2\/product\/130"}],"collection":[{"href":"https:\/\/www.monparfumideal.fr\/index.php?rest_route=\/wp\/v2\/product"}],"about":[{"href":"https:\/\/www.monparfumideal.fr\/index.php?rest_route=\/wp\/v2\/types\/product"}],"replies":[{"embeddable":true,"href":"https:\/\/www.monparfumideal.fr\/index.php?rest_route=%2Fwp%2Fv2%2Fcomments&post=130"}],"wp:featuredmedia":[{"embeddable":true,"href":"https:\/\/www.monparfumideal.fr\/index.php?rest_route=\/wp\/v2\/media\/203"}],"wp:attachment":[{"href":"https:\/\/www.monparfumideal.fr\/index.php?rest_route=%2Fwp%2Fv2%2Fmedia&parent=130"}],"wp:term":[{"taxonomy":"product_cat","embeddable":true,"href":"https:\/\/www.monparfumideal.fr\/index.php?rest_route=%2Fwp%2Fv2%2Fproduct_cat&post=130"},{"taxonomy":"product_tag","embeddable":true,"href":"https:\/\/www.monparfumideal.fr\/index.php?rest_route=%2Fwp%2Fv2%2Fproduct_tag&post=130"}],"curies":[{"name":"wp","href":"https:\/\/api.w.org\/{rel}","templated":true}]}}