{"id":131,"date":"2023-04-06T02:22:44","date_gmt":"2023-04-06T00:22:44","guid":{"rendered":"https:\/\/www.monparfumideal.fr\/?post_type=product&#038;p=131"},"modified":"2023-08-04T01:34:29","modified_gmt":"2023-08-03T23:34:29","slug":"parfum-fleur-darabie","status":"publish","type":"product","link":"https:\/\/www.monparfumideal.fr\/?product=parfum-fleur-darabie","title":{"rendered":"Parfum &#8220;Fleur d&#8217;Arabie&#8221;"},"content":{"rendered":"<p class=\"_04xlpA direction-ltr align-justify para-style-body\"><span class=\"S1PPyQ\">Note de t\u00eate: P\u00eache, Fleur de pommer<\/span><\/p>\n<p class=\"_04xlpA direction-ltr align-start para-style-body\"><span class=\"S1PPyQ\">Note de c\u0153ur: Fleur d\u2019ananas<\/span><\/p>\n<p class=\"_04xlpA direction-ltr align-justify para-style-body\"><span class=\"S1PPyQ\">Note de fond: Musc, Rose sauvage, Patchouli<\/span><\/p>\n","protected":false},"excerpt":{"rendered":"<p>Note de t\u00eate: P\u00eache, Fleur de pommer Note de c\u0153ur: Fleur d\u2019ananas Note de fond: Musc, Rose sauvage, Patchouli<\/p>\n","protected":false},"featured_media":202,"comment_status":"open","ping_status":"closed","template":"","meta":[],"product_cat":[31,25,20,18,21],"product_tag":[],"_links":{"self":[{"href":"https:\/\/www.monparfumideal.fr\/index.php?rest_route=\/wp\/v2\/product\/131"}],"collection":[{"href":"https:\/\/www.monparfumideal.fr\/index.php?rest_route=\/wp\/v2\/product"}],"about":[{"href":"https:\/\/www.monparfumideal.fr\/index.php?rest_route=\/wp\/v2\/types\/product"}],"replies":[{"embeddable":true,"href":"https:\/\/www.monparfumideal.fr\/index.php?rest_route=%2Fwp%2Fv2%2Fcomments&post=131"}],"wp:featuredmedia":[{"embeddable":true,"href":"https:\/\/www.monparfumideal.fr\/index.php?rest_route=\/wp\/v2\/media\/202"}],"wp:attachment":[{"href":"https:\/\/www.monparfumideal.fr\/index.php?rest_route=%2Fwp%2Fv2%2Fmedia&parent=131"}],"wp:term":[{"taxonomy":"product_cat","embeddable":true,"href":"https:\/\/www.monparfumideal.fr\/index.php?rest_route=%2Fwp%2Fv2%2Fproduct_cat&post=131"},{"taxonomy":"product_tag","embeddable":true,"href":"https:\/\/www.monparfumideal.fr\/index.php?rest_route=%2Fwp%2Fv2%2Fproduct_tag&post=131"}],"curies":[{"name":"wp","href":"https:\/\/api.w.org\/{rel}","templated":true}]}}